{"id":8938,"date":"2024-04-24T12:15:55","date_gmt":"2024-04-24T12:15:55","guid":{"rendered":"https:\/\/shengshimeijia.fr\/?page_id=8938"},"modified":"2024-04-24T12:16:57","modified_gmt":"2024-04-24T12:16:57","slug":"mentions-legales","status":"publish","type":"page","link":"https:\/\/shengshimeijia.fr\/fr\/mentions-legales\/","title":{"rendered":"Mentions l\u00e9gales"},"content":{"rendered":"\n<p><strong>\u00c9diteur du site :<\/strong> Sheng Shi Mei Jia Num\u00e9ro SIREN : 921146494 Num\u00e9ro SIRET (si\u00e8ge) : 92114649400015 Num\u00e9ro TVA Intracommunautaire : FR92921146494 Num\u00e9ro RCS : Creteil B 921 146 494 Adresse : 82 Bd Mass\u00e9na, 75013 Paris, France T\u00e9l\u00e9phone : 07 69 79 99 99 Email : <a>contact@shengshimeijia.fr<\/a><\/p>\n\n\n\n<p><strong>H\u00e9bergement :<\/strong> Ce site est h\u00e9berg\u00e9 par OVH SAS. Adresse : 2 rue Kellermann, 59100 Roubaix, France. Capital social : 10 069 020 \u20ac Num\u00e9ro RCS : Lille M\u00e9tropole 424 761 419 00045 Site web : <a href=\"http:\/\/www.ovh.com\/\">www.ovh.com<\/a><\/p>\n\n\n\n<p><strong>M\u00e9diateur de consommation :<\/strong> Conform\u00e9ment aux dispositions du Code de la consommation, le client peut recourir gratuitement au service de m\u00e9diation propos\u00e9 par SAS M\u00e9diation Solution. Adresse \u00e9lectronique : <a href=\"http:\/\/www.sasmediationsolution-conso.fr\/\">www.sasmediationsolution-conso.fr<\/a> Email : <a>contact@sasmediationsolution-conso.fr<\/a> Adresse postale : SAS M\u00e9diation Solution, 222 Chemin de la Bergerie, 01800 Saint Jean de Niost, France.<\/p>\n\n\n\n<p><strong>Conditions d&rsquo;utilisation :<\/strong> L&rsquo;utilisation de ce site est soumise aux conditions g\u00e9n\u00e9rales d&rsquo;utilisation. L&rsquo;utilisateur reconna\u00eet en avoir pris connaissance et accepte de les respecter.<\/p>\n\n\n\n<p><strong>Politique de confidentialit\u00e9 :<\/strong> Nous nous engageons \u00e0 prot\u00e9ger la confidentialit\u00e9 de nos utilisateurs. Notre politique de confidentialit\u00e9 explique les pratiques concernant la collecte, l&rsquo;utilisation et la divulgation de vos informations personnelles.<\/p>\n\n\n\n<p><strong>Utilisation des cookies :<\/strong> Notre site utilise des cookies pour am\u00e9liorer l&rsquo;exp\u00e9rience utilisateur, r\u00e9aliser des statistiques de visites et vous proposer des services adapt\u00e9s \u00e0 vos centres d\u2019int\u00e9r\u00eats. En poursuivant votre navigation sur ce site, vous acceptez l\u2019utilisation des cookies conform\u00e9ment \u00e0 notre politique de cookies.<\/p>\n","protected":false},"excerpt":{"rendered":"<p>\u00c9diteur du site : Sheng Shi Mei Jia Num\u00e9ro SIREN : 921146494 Num\u00e9ro SIRET (si\u00e8ge) : 92114649400015 Num\u00e9ro TVA Intracommunautaire : FR92921146494 Num\u00e9ro RCS : Creteil B 921 146 494 Adresse : 82 Bd Mass\u00e9na, 75013 Paris, France T\u00e9l\u00e9phone : 07 69 79 99 99 Email : contact@shengshimeijia.fr H\u00e9bergement : Ce site est h\u00e9berg\u00e9 par [&hellip;]<\/p>\n","protected":false},"author":1,"featured_media":0,"parent":0,"menu_order":0,"comment_status":"closed","ping_status":"closed","template":"","meta":{"_vp_format_video_url":"","_vp_image_focal_point":[],"footnotes":""},"class_list":["post-8938","page","type-page","status-publish","hentry"],"yoast_head":"<!-- This site is optimized with the Yoast SEO plugin v27.3 - https:\/\/yoast.com\/product\/yoast-seo-wordpress\/ -->\n<title>Mentions l\u00e9gales - \u76db\u4e16\u7f8e\u5bb6<\/title>\n<meta name=\"robots\" content=\"index, follow, max-snippet:-1, max-image-preview:large, max-video-preview:-1\" \/>\n<link rel=\"canonical\" href=\"https:\/\/shengshimeijia.fr\/fr\/mentions-legales\/\" \/>\n<meta property=\"og:locale\" content=\"fr_FR\" \/>\n<meta property=\"og:type\" content=\"article\" \/>\n<meta property=\"og:title\" content=\"Mentions l\u00e9gales - \u76db\u4e16\u7f8e\u5bb6\" \/>\n<meta property=\"og:description\" content=\"\u00c9diteur du site : Sheng Shi Mei Jia Num\u00e9ro SIREN : 921146494 Num\u00e9ro SIRET (si\u00e8ge) : 92114649400015 Num\u00e9ro TVA Intracommunautaire : FR92921146494 Num\u00e9ro RCS : Creteil B 921 146 494 Adresse : 82 Bd Mass\u00e9na, 75013 Paris, France T\u00e9l\u00e9phone : 07 69 79 99 99 Email : contact@shengshimeijia.fr H\u00e9bergement : Ce site est h\u00e9berg\u00e9 par [&hellip;]\" \/>\n<meta property=\"og:url\" content=\"https:\/\/shengshimeijia.fr\/fr\/mentions-legales\/\" \/>\n<meta property=\"og:site_name\" content=\"\u76db\u4e16\u7f8e\u5bb6\" \/>\n<meta property=\"article:modified_time\" content=\"2024-04-24T12:16:57+00:00\" \/>\n<meta name=\"twitter:card\" content=\"summary_large_image\" \/>\n<meta name=\"twitter:label1\" content=\"Dur\u00e9e de lecture estim\u00e9e\" \/>\n\t<meta name=\"twitter:data1\" content=\"2 minutes\" \/>\n<script type=\"application\/ld+json\" class=\"yoast-schema-graph\">{\"@context\":\"https:\\\/\\\/schema.org\",\"@graph\":[{\"@type\":\"WebPage\",\"@id\":\"https:\\\/\\\/shengshimeijia.fr\\\/fr\\\/mentions-legales\\\/\",\"url\":\"https:\\\/\\\/shengshimeijia.fr\\\/fr\\\/mentions-legales\\\/\",\"name\":\"Mentions l\u00e9gales - \u76db\u4e16\u7f8e\u5bb6\",\"isPartOf\":{\"@id\":\"https:\\\/\\\/shengshimeijia.fr\\\/fr\\\/#website\"},\"datePublished\":\"2024-04-24T12:15:55+00:00\",\"dateModified\":\"2024-04-24T12:16:57+00:00\",\"breadcrumb\":{\"@id\":\"https:\\\/\\\/shengshimeijia.fr\\\/fr\\\/mentions-legales\\\/#breadcrumb\"},\"inLanguage\":\"fr-FR\",\"potentialAction\":[{\"@type\":\"ReadAction\",\"target\":[\"https:\\\/\\\/shengshimeijia.fr\\\/fr\\\/mentions-legales\\\/\"]}]},{\"@type\":\"BreadcrumbList\",\"@id\":\"https:\\\/\\\/shengshimeijia.fr\\\/fr\\\/mentions-legales\\\/#breadcrumb\",\"itemListElement\":[{\"@type\":\"ListItem\",\"position\":1,\"name\":\"\u9996\u9875\",\"item\":\"https:\\\/\\\/shengshimeijia.fr\\\/fr\\\/accueil\\\/\"},{\"@type\":\"ListItem\",\"position\":2,\"name\":\"Mentions l\u00e9gales\"}]},{\"@type\":\"WebSite\",\"@id\":\"https:\\\/\\\/shengshimeijia.fr\\\/fr\\\/#website\",\"url\":\"https:\\\/\\\/shengshimeijia.fr\\\/fr\\\/\",\"name\":\"\u76db\u4e16\u7f8e\u5bb6\",\"description\":\"\",\"publisher\":{\"@id\":\"https:\\\/\\\/shengshimeijia.fr\\\/fr\\\/#organization\"},\"potentialAction\":[{\"@type\":\"SearchAction\",\"target\":{\"@type\":\"EntryPoint\",\"urlTemplate\":\"https:\\\/\\\/shengshimeijia.fr\\\/fr\\\/?s={search_term_string}\"},\"query-input\":{\"@type\":\"PropertyValueSpecification\",\"valueRequired\":true,\"valueName\":\"search_term_string\"}}],\"inLanguage\":\"fr-FR\"},{\"@type\":\"Organization\",\"@id\":\"https:\\\/\\\/shengshimeijia.fr\\\/fr\\\/#organization\",\"name\":\"\u76db\u4e16\u7f8e\u5bb6\",\"url\":\"https:\\\/\\\/shengshimeijia.fr\\\/fr\\\/\",\"logo\":{\"@type\":\"ImageObject\",\"inLanguage\":\"fr-FR\",\"@id\":\"https:\\\/\\\/shengshimeijia.fr\\\/fr\\\/#\\\/schema\\\/logo\\\/image\\\/\",\"url\":\"https:\\\/\\\/shengshimeijia.fr\\\/wp-content\\\/uploads\\\/2022\\\/04\\\/logo.jpg\",\"contentUrl\":\"https:\\\/\\\/shengshimeijia.fr\\\/wp-content\\\/uploads\\\/2022\\\/04\\\/logo.jpg\",\"width\":728,\"height\":706,\"caption\":\"\u76db\u4e16\u7f8e\u5bb6\"},\"image\":{\"@id\":\"https:\\\/\\\/shengshimeijia.fr\\\/fr\\\/#\\\/schema\\\/logo\\\/image\\\/\"}}]}<\/script>\n<!-- \/ Yoast SEO plugin. -->","yoast_head_json":{"title":"Mentions l\u00e9gales - \u76db\u4e16\u7f8e\u5bb6","robots":{"index":"index","follow":"follow","max-snippet":"max-snippet:-1","max-image-preview":"max-image-preview:large","max-video-preview":"max-video-preview:-1"},"canonical":"https:\/\/shengshimeijia.fr\/fr\/mentions-legales\/","og_locale":"fr_FR","og_type":"article","og_title":"Mentions l\u00e9gales - \u76db\u4e16\u7f8e\u5bb6","og_description":"\u00c9diteur du site : Sheng Shi Mei Jia Num\u00e9ro SIREN : 921146494 Num\u00e9ro SIRET (si\u00e8ge) : 92114649400015 Num\u00e9ro TVA Intracommunautaire : FR92921146494 Num\u00e9ro RCS : Creteil B 921 146 494 Adresse : 82 Bd Mass\u00e9na, 75013 Paris, France T\u00e9l\u00e9phone : 07 69 79 99 99 Email : contact@shengshimeijia.fr H\u00e9bergement : Ce site est h\u00e9berg\u00e9 par [&hellip;]","og_url":"https:\/\/shengshimeijia.fr\/fr\/mentions-legales\/","og_site_name":"\u76db\u4e16\u7f8e\u5bb6","article_modified_time":"2024-04-24T12:16:57+00:00","twitter_card":"summary_large_image","twitter_misc":{"Dur\u00e9e de lecture estim\u00e9e":"2 minutes"},"schema":{"@context":"https:\/\/schema.org","@graph":[{"@type":"WebPage","@id":"https:\/\/shengshimeijia.fr\/fr\/mentions-legales\/","url":"https:\/\/shengshimeijia.fr\/fr\/mentions-legales\/","name":"Mentions l\u00e9gales - \u76db\u4e16\u7f8e\u5bb6","isPartOf":{"@id":"https:\/\/shengshimeijia.fr\/fr\/#website"},"datePublished":"2024-04-24T12:15:55+00:00","dateModified":"2024-04-24T12:16:57+00:00","breadcrumb":{"@id":"https:\/\/shengshimeijia.fr\/fr\/mentions-legales\/#breadcrumb"},"inLanguage":"fr-FR","potentialAction":[{"@type":"ReadAction","target":["https:\/\/shengshimeijia.fr\/fr\/mentions-legales\/"]}]},{"@type":"BreadcrumbList","@id":"https:\/\/shengshimeijia.fr\/fr\/mentions-legales\/#breadcrumb","itemListElement":[{"@type":"ListItem","position":1,"name":"\u9996\u9875","item":"https:\/\/shengshimeijia.fr\/fr\/accueil\/"},{"@type":"ListItem","position":2,"name":"Mentions l\u00e9gales"}]},{"@type":"WebSite","@id":"https:\/\/shengshimeijia.fr\/fr\/#website","url":"https:\/\/shengshimeijia.fr\/fr\/","name":"\u76db\u4e16\u7f8e\u5bb6","description":"","publisher":{"@id":"https:\/\/shengshimeijia.fr\/fr\/#organization"},"potentialAction":[{"@type":"SearchAction","target":{"@type":"EntryPoint","urlTemplate":"https:\/\/shengshimeijia.fr\/fr\/?s={search_term_string}"},"query-input":{"@type":"PropertyValueSpecification","valueRequired":true,"valueName":"search_term_string"}}],"inLanguage":"fr-FR"},{"@type":"Organization","@id":"https:\/\/shengshimeijia.fr\/fr\/#organization","name":"\u76db\u4e16\u7f8e\u5bb6","url":"https:\/\/shengshimeijia.fr\/fr\/","logo":{"@type":"ImageObject","inLanguage":"fr-FR","@id":"https:\/\/shengshimeijia.fr\/fr\/#\/schema\/logo\/image\/","url":"https:\/\/shengshimeijia.fr\/wp-content\/uploads\/2022\/04\/logo.jpg","contentUrl":"https:\/\/shengshimeijia.fr\/wp-content\/uploads\/2022\/04\/logo.jpg","width":728,"height":706,"caption":"\u76db\u4e16\u7f8e\u5bb6"},"image":{"@id":"https:\/\/shengshimeijia.fr\/fr\/#\/schema\/logo\/image\/"}}]}},"_links":{"self":[{"href":"https:\/\/shengshimeijia.fr\/fr\/wp-json\/wp\/v2\/pages\/8938","targetHints":{"allow":["GET"]}}],"collection":[{"href":"https:\/\/shengshimeijia.fr\/fr\/wp-json\/wp\/v2\/pages"}],"about":[{"href":"https:\/\/shengshimeijia.fr\/fr\/wp-json\/wp\/v2\/types\/page"}],"author":[{"embeddable":true,"href":"https:\/\/shengshimeijia.fr\/fr\/wp-json\/wp\/v2\/users\/1"}],"replies":[{"embeddable":true,"href":"https:\/\/shengshimeijia.fr\/fr\/wp-json\/wp\/v2\/comments?post=8938"}],"version-history":[{"count":1,"href":"https:\/\/shengshimeijia.fr\/fr\/wp-json\/wp\/v2\/pages\/8938\/revisions"}],"predecessor-version":[{"id":8939,"href":"https:\/\/shengshimeijia.fr\/fr\/wp-json\/wp\/v2\/pages\/8938\/revisions\/8939"}],"wp:attachment":[{"href":"https:\/\/shengshimeijia.fr\/fr\/wp-json\/wp\/v2\/media?parent=8938"}],"curies":[{"name":"wp","href":"https:\/\/api.w.org\/{rel}","templated":true}]}}